{"id":1105,"date":"2021-08-11T22:00:39","date_gmt":"2021-08-11T22:00:39","guid":{"rendered":"http:\/\/52.142.49.31\/wordpress\/?page_id=1105"},"modified":"2023-08-30T09:47:19","modified_gmt":"2023-08-30T15:47:19","slug":"it-audit-service","status":"publish","type":"page","link":"https:\/\/www.datasoftla.com\/?page_id=1105","title":{"rendered":"Servicio de Auditor\u00eda TI"},"content":{"rendered":"\t\t<div data-elementor-type=\"wp-page\" data-elementor-id=\"1105\" class=\"elementor elementor-1105\">\n\t\t\t\t\t\t<section class=\"elementor-section elementor-top-section elementor-element elementor-element-6874e09 elementor-section-boxed elementor-section-height-default elementor-section-height-default\" data-id=\"6874e09\" data-element_type=\"section\" data-e-type=\"section\">\n\t\t\t\t\t\t<div class=\"elementor-container elementor-column-gap-default\">\n\t\t\t\t\t<div class=\"elementor-column elementor-col-100 elementor-top-column elementor-element elementor-element-2499d4e\" data-id=\"2499d4e\" data-element_type=\"column\" data-e-type=\"column\">\n\t\t\t<div class=\"elementor-widget-wrap elementor-element-populated\">\n\t\t\t\t\t\t<div class=\"elementor-element elementor-element-eecfc34 elementor-widget elementor-widget-spacer\" data-id=\"eecfc34\" data-element_type=\"widget\" data-e-type=\"widget\" data-widget_type=\"spacer.default\">\n\t\t\t\t<div class=\"elementor-widget-container\">\n\t\t\t\t\t\t\t<div class=\"elementor-spacer\">\n\t\t\t<div class=\"elementor-spacer-inner\"><\/div>\n\t\t<\/div>\n\t\t\t\t\t\t<\/div>\n\t\t\t\t<\/div>\n\t\t\t\t\t<\/div>\n\t\t<\/div>\n\t\t\t\t\t<\/div>\n\t\t<\/section>\n\t\t\t\t<section class=\"elementor-section elementor-top-section elementor-element elementor-element-292e8a4 elementor-section-full_width elementor-section-height-min-height elementor-section-height-default elementor-section-items-middle\" data-id=\"292e8a4\" data-element_type=\"section\" data-e-type=\"section\" data-settings=\"{&quot;background_background&quot;:&quot;classic&quot;}\">\n\t\t\t\t\t\t\t<div class=\"elementor-background-overlay\"><\/div>\n\t\t\t\t\t\t\t<div class=\"elementor-container elementor-column-gap-custom\">\n\t\t\t\t\t<div class=\"elementor-column elementor-col-100 elementor-top-column elementor-element elementor-element-59f2cc2\" data-id=\"59f2cc2\" data-element_type=\"column\" data-e-type=\"column\">\n\t\t\t<div class=\"elementor-widget-wrap elementor-element-populated\">\n\t\t\t\t\t\t<div class=\"elementor-element elementor-element-aefab1b elementor-invisible elementor-widget elementor-widget-image-box\" data-id=\"aefab1b\" data-element_type=\"widget\" data-e-type=\"widget\" data-settings=\"{&quot;_animation&quot;:&quot;fadeInLeft&quot;}\" data-widget_type=\"image-box.default\">\n\t\t\t\t<div class=\"elementor-widget-container\">\n\t\t\t\t\t<div class=\"elementor-image-box-wrapper\"><div class=\"elementor-image-box-content\"><h1 class=\"elementor-image-box-title\">Servicio de Auditor\u00eda TI<\/h1><p class=\"elementor-image-box-description\">Para la transformaci\u00f3n digital<\/p><\/div><\/div>\t\t\t\t<\/div>\n\t\t\t\t<\/div>\n\t\t\t\t\t<\/div>\n\t\t<\/div>\n\t\t\t\t\t<\/div>\n\t\t<\/section>\n\t\t\t\t<section class=\"elementor-section elementor-top-section elementor-element elementor-element-90b7f32 elementor-section-boxed elementor-section-height-default elementor-section-height-default\" data-id=\"90b7f32\" data-element_type=\"section\" data-e-type=\"section\">\n\t\t\t\t\t\t<div class=\"elementor-container elementor-column-gap-default\">\n\t\t\t\t\t<div class=\"elementor-column elementor-col-50 elementor-top-column elementor-element elementor-element-febe6ed\" data-id=\"febe6ed\" data-element_type=\"column\" data-e-type=\"column\">\n\t\t\t<div class=\"elementor-widget-wrap elementor-element-populated\">\n\t\t\t\t\t\t<div class=\"elementor-element elementor-element-70be7002 elementor-widget elementor-widget-text-editor\" data-id=\"70be7002\" data-element_type=\"widget\" data-e-type=\"widget\" data-widget_type=\"text-editor.default\">\n\t\t\t\t<div class=\"elementor-widget-container\">\n\t\t\t\t\t\t\t\t\t\n<h2>Auditor\u00eda de TI<\/h2>\n<p>Una auditor\u00eda de TI es responsable de analizar y evaluar la infraestructura tecnol\u00f3gica de una empresa para garantizar que los procesos y sistemas se ejecuten de manera precisa y eficiente mientras se mantienen seguros y cumplen con las regulaciones,\u00a0tambi\u00e9n identifica cualquier problema de TI que est\u00e9 bajo auditor\u00eda, espec\u00edficamente aquellos relacionados con la seguridad y la gesti\u00f3n de riesgos. . Si se identifican problemas, los hallazgos se comunican a las personas responsables de la organizaci\u00f3n y se ofrecen soluciones para mejorar o cambiar los procesos y sistemas para garantizar la seguridad y el cumplimiento.<\/p>\n<ul>\n<li>Verificar que los servicios de TI est\u00e9n al nivel que la organizaci\u00f3n necesita para habilitar, habilitar y soportar de manera efectiva y eficiente sus funciones sustantivas.<\/li>\n<li>Contar con las recomendaciones necesarias para mitigar riesgos potenciales que pongan en riesgo los activos de informaci\u00f3n y la continuidad del negocio.<\/li>\n<li>Determinar si el entorno de control de TI cumple con las regulaciones y requisitos regulatorios.<\/li>\n<li>Acompa\u00f1amiento personalizado y a medida de cada empresa en la implementaci\u00f3n de un programa de auditor\u00eda TI.<\/li>\n<li>Los auditores est\u00e1n altamente capacitados y especializados en la implementaci\u00f3n de programas de auditor\u00eda de TI, conocedores de los marcos y regulaciones m\u00e1s utilizados en la industria para auditar sistemas de gesti\u00f3n y servicios de TI.<\/li>\n<\/ul>\n\t\t\t\t\t\t\t\t<\/div>\n\t\t\t\t<\/div>\n\t\t\t\t\t<\/div>\n\t\t<\/div>\n\t\t\t\t<div class=\"elementor-column elementor-col-50 elementor-top-column elementor-element elementor-element-6072f32\" data-id=\"6072f32\" data-element_type=\"column\" data-e-type=\"column\">\n\t\t\t<div class=\"elementor-widget-wrap elementor-element-populated\">\n\t\t\t\t\t\t<div class=\"elementor-element elementor-element-5e8b5d3 elementor-widget elementor-widget-image\" data-id=\"5e8b5d3\" data-element_type=\"widget\" data-e-type=\"widget\" data-widget_type=\"image.default\">\n\t\t\t\t<div class=\"elementor-widget-container\">\n\t\t\t\t\t\t\t\t\t\t\t\t\t\t\t<img decoding=\"async\" width=\"150\" height=\"150\" src=\"https:\/\/www.datasoftla.com\/wp-content\/uploads\/2021\/11\/audit.png\" class=\"attachment-thumbnail size-thumbnail wp-image-29492\" alt=\"\" \/>\t\t\t\t\t\t\t\t\t\t\t\t\t\t\t<\/div>\n\t\t\t\t<\/div>\n\t\t\t\t\t<\/div>\n\t\t<\/div>\n\t\t\t\t\t<\/div>\n\t\t<\/section>\n\t\t\t\t<section class=\"elementor-section elementor-top-section elementor-element elementor-element-883bda9 elementor-section-boxed elementor-section-height-default elementor-section-height-default\" data-id=\"883bda9\" data-element_type=\"section\" data-e-type=\"section\">\n\t\t\t\t\t\t<div class=\"elementor-container elementor-column-gap-default\">\n\t\t\t\t\t<div class=\"elementor-column elementor-col-100 elementor-top-column elementor-element elementor-element-3f51b42\" data-id=\"3f51b42\" data-element_type=\"column\" data-e-type=\"column\">\n\t\t\t<div class=\"elementor-widget-wrap elementor-element-populated\">\n\t\t\t\t\t\t<div class=\"elementor-element elementor-element-81f109d elementor-widget elementor-widget-text-editor\" data-id=\"81f109d\" data-element_type=\"widget\" data-e-type=\"widget\" data-widget_type=\"text-editor.default\">\n\t\t\t\t<div class=\"elementor-widget-container\">\n\t\t\t\t\t\t\t\t\t<h2 class=\"elementor-heading-title elementor-size-default elementor-inline-editing pen\" contenteditable=\"true\" data-elementor-setting-key=\"title\" data-pen-placeholder=\"Teclea aqu\u00ed...\">Auditor\u00eda de Cumplimiento<\/h2>\n<p>La auditor\u00eda de cumplimiento consiste en la verificaci\u00f3n o examen de operaciones financieras, administrativas, econ\u00f3micas y otras con el objetivo de establecer que han sido realizadas de conformidad con las normas legales, estatutarias y procesales que le son aplicables.<\/p>\n<ul>\n<li>Contar con las recomendaciones necesarias para mitigar riesgos potenciales que pongan en riesgo los activos de informaci\u00f3n y la continuidad del negocio.<\/li>\n<li>Determinar si el entorno de control cumple con las regulaciones y requisitos reglamentarios.<br \/>Acompa\u00f1amiento personalizado y a medida de cada empresa en la implementaci\u00f3n de un programa de auditor\u00eda de cumplimiento.<\/li>\n<li>Auditores altamente capacitados y especializados en la implementaci\u00f3n de programas de auditor\u00eda de cumplimiento, conocedores de los marcos y regulaciones m\u00e1s utilizados en la industria para auditar sistemas de gesti\u00f3n y servicios de TI.<\/li>\n<\/ul>\t\t\t\t\t\t\t\t<\/div>\n\t\t\t\t<\/div>\n\t\t\t\t\t<\/div>\n\t\t<\/div>\n\t\t\t\t\t<\/div>\n\t\t<\/section>\n\t\t\t\t<section class=\"elementor-section elementor-top-section elementor-element elementor-element-82612e0 elementor-section-boxed elementor-section-height-default elementor-section-height-default\" data-id=\"82612e0\" data-element_type=\"section\" data-e-type=\"section\">\n\t\t\t\t\t\t<div class=\"elementor-container elementor-column-gap-default\">\n\t\t\t\t\t<div class=\"elementor-column elementor-col-100 elementor-top-column elementor-element elementor-element-b8a2e46\" data-id=\"b8a2e46\" data-element_type=\"column\" data-e-type=\"column\">\n\t\t\t<div class=\"elementor-widget-wrap elementor-element-populated\">\n\t\t\t\t\t\t<div class=\"elementor-element elementor-element-2ff5f82 elementor-align-center elementor-invisible elementor-widget elementor-widget-button\" data-id=\"2ff5f82\" data-element_type=\"widget\" data-e-type=\"widget\" data-settings=\"{&quot;_animation&quot;:&quot;pulse&quot;}\" data-widget_type=\"button.default\">\n\t\t\t\t<div class=\"elementor-widget-container\">\n\t\t\t\t\t\t\t\t\t<div class=\"elementor-button-wrapper\">\n\t\t\t\t\t<a class=\"elementor-button elementor-button-link elementor-size-sm\" href=\"https:\/\/www.datasoftla.com\/?page_id=736\">\n\t\t\t\t\t\t<span class=\"elementor-button-content-wrapper\">\n\t\t\t\t\t\t\t\t\t<span class=\"elementor-button-text\">Trabajemos juntos<\/span>\n\t\t\t\t\t<\/span>\n\t\t\t\t\t<\/a>\n\t\t\t\t<\/div>\n\t\t\t\t\t\t\t\t<\/div>\n\t\t\t\t<\/div>\n\t\t\t\t\t<\/div>\n\t\t<\/div>\n\t\t\t\t\t<\/div>\n\t\t<\/section>\n\t\t\t\t<\/div>\n\t\t","protected":false},"excerpt":{"rendered":"<p>Servicio de Auditor\u00eda TI Para la transformaci\u00f3n digital Auditor\u00eda de TI Una auditor\u00eda de TI es responsable de analizar y evaluar la infraestructura tecnol\u00f3gica de una empresa para garantizar que los procesos y sistemas se ejecuten de manera precisa y eficiente mientras se mantienen seguros y cumplen con las regulaciones,\u00a0tambi\u00e9n identifica cualquier problema de TI [&hellip;]<\/p>\n","protected":false},"author":1,"featured_media":0,"parent":0,"menu_order":0,"comment_status":"closed","ping_status":"closed","template":"","meta":{"site-sidebar-layout":"default","site-content-layout":"page-builder","ast-site-content-layout":"full-width-container","site-content-style":"unboxed","site-sidebar-style":"unboxed","ast-global-header-display":"","ast-banner-title-visibility":"","ast-main-header-display":"","ast-hfb-above-header-display":"","ast-hfb-below-header-display":"","ast-hfb-mobile-header-display":"","site-post-title":"disabled","ast-breadcrumbs-content":"","ast-featured-img":"","footer-sml-layout":"","ast-disable-related-posts":"","theme-transparent-header-meta":"default","adv-header-id-meta":"","stick-header-meta":"","header-above-stick-meta":"","header-main-stick-meta":"","header-below-stick-meta":"","astra-migrate-meta-layouts":"set","ast-page-background-enabled":"default","ast-page-background-meta":{"desktop":{"background-color":"","background-image":"","background-repeat":"repeat","background-position":"center center","background-size":"auto","background-attachment":"scroll","background-type":"","background-media":"","overlay-type":"","overlay-color":"","overlay-opacity":"","overlay-gradient":""},"tablet":{"background-color":"","background-image":"","background-repeat":"repeat","background-position":"center center","background-size":"auto","background-attachment":"scroll","background-type":"","background-media":"","overlay-type":"","overlay-color":"","overlay-opacity":"","overlay-gradient":""},"mobile":{"background-color":"","background-image":"","background-repeat":"repeat","background-position":"center center","background-size":"auto","background-attachment":"scroll","background-type":"","background-media":"","overlay-type":"","overlay-color":"","overlay-opacity":"","overlay-gradient":""}},"ast-content-background-meta":{"desktop":{"background-color":"var(--ast-global-color-5)","background-image":"","background-repeat":"repeat","background-position":"center center","background-size":"auto","background-attachment":"scroll","background-type":"","background-media":"","overlay-type":"","overlay-color":"","overlay-opacity":"","overlay-gradient":""},"tablet":{"background-color":"var(--ast-global-color-5)","background-image":"","background-repeat":"repeat","background-position":"center center","background-size":"auto","background-attachment":"scroll","background-type":"","background-media":"","overlay-type":"","overlay-color":"","overlay-opacity":"","overlay-gradient":""},"mobile":{"background-color":"var(--ast-global-color-5)","background-image":"","background-repeat":"repeat","background-position":"center center","background-size":"auto","background-attachment":"scroll","background-type":"","background-media":"","overlay-type":"","overlay-color":"","overlay-opacity":"","overlay-gradient":""}},"footnotes":""},"class_list":["post-1105","page","type-page","status-publish","hentry"],"_links":{"self":[{"href":"https:\/\/www.datasoftla.com\/index.php?rest_route=\/wp\/v2\/pages\/1105","targetHints":{"allow":["GET"]}}],"collection":[{"href":"https:\/\/www.datasoftla.com\/index.php?rest_route=\/wp\/v2\/pages"}],"about":[{"href":"https:\/\/www.datasoftla.com\/index.php?rest_route=\/wp\/v2\/types\/page"}],"author":[{"embeddable":true,"href":"https:\/\/www.datasoftla.com\/index.php?rest_route=\/wp\/v2\/users\/1"}],"replies":[{"embeddable":true,"href":"https:\/\/www.datasoftla.com\/index.php?rest_route=%2Fwp%2Fv2%2Fcomments&post=1105"}],"version-history":[{"count":0,"href":"https:\/\/www.datasoftla.com\/index.php?rest_route=\/wp\/v2\/pages\/1105\/revisions"}],"wp:attachment":[{"href":"https:\/\/www.datasoftla.com\/index.php?rest_route=%2Fwp%2Fv2%2Fmedia&parent=1105"}],"curies":[{"name":"wp","href":"https:\/\/api.w.org\/{rel}","templated":true}]}}